{"id":47,"date":"2022-09-06T18:50:31","date_gmt":"2022-09-06T18:50:31","guid":{"rendered":"https:\/\/contubos.com.co\/?page_id=47"},"modified":"2024-10-27T13:21:08","modified_gmt":"2024-10-27T13:21:08","slug":"quienes-somos","status":"publish","type":"page","link":"https:\/\/contubos.com.co\/index.php\/quienes-somos\/","title":{"rendered":"\u00bfQui\u00e9nes somos?"},"content":{"rendered":"\t\t<div data-elementor-type=\"wp-page\" data-elementor-id=\"47\" class=\"elementor elementor-47\">\n\t\t\t\t\t\t<section class=\"elementor-section elementor-top-section elementor-element elementor-element-441377f elementor-section-boxed elementor-section-height-default elementor-section-height-default\" data-id=\"441377f\" data-element_type=\"section\">\n\t\t\t\t\t\t<div class=\"elementor-container elementor-column-gap-default\">\n\t\t\t\t\t<div class=\"elementor-column elementor-col-100 elementor-top-column elementor-element elementor-element-a8375e8\" data-id=\"a8375e8\" data-element_type=\"column\">\n\t\t\t<div class=\"elementor-widget-wrap elementor-element-populated\">\n\t\t\t\t\t\t<div class=\"elementor-element elementor-element-d06f0f3 elementor-widget elementor-widget-text-editor\" data-id=\"d06f0f3\" data-element_type=\"widget\" data-widget_type=\"text-editor.default\">\n\t\t\t\t<div class=\"elementor-widget-container\">\n\t\t\t\t\t\t\t\t\t<h1><strong>Qui\u00e9nes somos?<\/strong><\/h1><p>COMPA\u00d1\u00cdA DE TUBOS Y ENVASES DE CART\u00d3N &#8211; CONTUBOS S.A.S fundada el 1 de Julio de 1979 como respuesta a las necesidades del mercado del Valle del Cauca, dada la ausencia de empresas productoras de centros de cart\u00f3n y desde ese momento CONTUBOS S.A.S, ha venido fortaleci\u00e9ndose y creciendo hasta ser hoy una empresa reconocida a nivel nacional con gran demanda en el sector manufacturero de centros\/tubos de cart\u00f3n a grandes empresas productoras de cart\u00f3n, cintas adhesivas, papeles, telas, aluminios y dem\u00e1s art\u00edculos utilizados en la industria, as\u00ed como en el servicio de reembobinado y corte de cartones, cartulinas, substratos como (telas, foil de aluminio, cinta de cobre) y pel\u00edculas como (prolipropileno, poliesteres, polietileno) entre otros tipos de fibras y materiales. Fabricaci\u00f3n de esquineros o perfiles de cart\u00f3n, envases de cart\u00f3n y pitillos de papel<\/p><p>La empresa se ha distinguido a trav\u00e9s de todos los a\u00f1os por un excelente servicio al cliente, y por ofrecer un ambiente ideal para los colaboradores de la organizaci\u00f3n; Estos son los puntos de mayor importancia para directivos de la empresa.<br \/>Nuestra empresa siendo de \u00edndole familiar, pero con el \u00e1mbito de ser competitiva en el mercado colombiano, quiere abrir las fronteras, gui\u00e1ndose en un desarrollo permanente, mejoramiento continuo e innovaci\u00f3n, con nuevas tecnolog\u00edas y materiales de alta calidad para continuar en el camino del crecimiento empresarial y de aporte social a nuestra regi\u00f3n.<\/p><h1><strong>MISI\u00d3N<\/strong><\/h1><p>Contubos S.A.S. trabaja para consolidare como empresa l\u00edder del sur occidente colombiano en la producci\u00f3n de envases, centros cil\u00edndricos, pitillos de papel, esquineros\/perfiles protectores de cart\u00f3n, servicio de corte y conversi\u00f3n de toda clase de pel\u00edculas y papeles.<\/p><p>Contamos con un excelente grupo laboral capacitado y comprometido con la calidad de sus productos y servicios, basados en el mejoramiento continuo de nuestros procesos.<\/p><p>Con m\u00e1s de 43 a\u00f1os en el mercado tenemos una gran trayectoria industrial y comercial, La tecnolog\u00eda aplicada en todos los procesos nos permite garantizar la total satisfacci\u00f3n y fidelidad de nuestros clientes, generando una importante estabilidad tanto en sus empleados como en sus accionistas, lo que contribuye al fortalecimiento del sector y la industria en la regi\u00f3n.<\/p><h1><strong>VISI\u00d3N<\/strong><\/h1><p>Contubos S.A.S A trav\u00e9s de un s\u00f3lido sistema de gesti\u00f3n de la calidad, comprometido con la satisfacci\u00f3n del cliente y el mejoramiento continuo de todos los procesos de la organizaci\u00f3n, busca ser una empresa sobresaliente por su solidez, estabilidad y excelente calidad en sus productos y servicios. Con el fin de posicionarse en el 2025 a nivel nacional e internacional como la mejor empresa del sector.<\/p>\t\t\t\t\t\t\t\t<\/div>\n\t\t\t\t<\/div>\n\t\t\t\t\t<\/div>\n\t\t<\/div>\n\t\t\t\t\t<\/div>\n\t\t<\/section>\n\t\t\t\t<\/div>\n\t\t","protected":false},"excerpt":{"rendered":"<p>Qui\u00e9nes somos? COMPA\u00d1\u00cdA DE TUBOS Y ENVASES DE CART\u00d3N &#8211; CONTUBOS S.A.S fundada el 1 de Julio de 1979 como respuesta a las necesidades del mercado del Valle del Cauca, dada la ausencia de empresas productoras de centros de cart\u00f3n y desde ese momento CONTUBOS S.A.S, ha venido fortaleci\u00e9ndose y creciendo hasta ser hoy una [&hellip;]<\/p>\n","protected":false},"author":1,"featured_media":0,"parent":0,"menu_order":0,"comment_status":"closed","ping_status":"closed","template":"","meta":{"om_disable_all_campaigns":false,"_monsterinsights_skip_tracking":false,"_monsterinsights_sitenote_active":false,"_monsterinsights_sitenote_note":"","_monsterinsights_sitenote_category":0,"site-sidebar-layout":"no-sidebar","site-content-layout":"page-builder","ast-site-content-layout":"","site-content-style":"default","site-sidebar-style":"default","ast-global-header-display":"","ast-banner-title-visibility":"","ast-main-header-display":"","ast-hfb-above-header-display":"","ast-hfb-below-header-display":"","ast-hfb-mobile-header-display":"","site-post-title":"disabled","ast-breadcrumbs-content":"","ast-featured-img":"disabled","footer-sml-layout":"","theme-transparent-header-meta":"","adv-header-id-meta":"","stick-header-meta":"","header-above-stick-meta":"","header-main-stick-meta":"","header-below-stick-meta":"","astra-migrate-meta-layouts":"default","ast-page-background-enabled":"default","ast-page-background-meta":{"desktop":{"background-color":"var(--ast-global-color-4)","background-image":"","background-repeat":"repeat","background-position":"center center","background-size":"auto","background-attachment":"scroll","background-type":"","background-media":"","overlay-type":"","overlay-color":"","overlay-opacity":"","overlay-gradient":""},"tablet":{"background-color":"","background-image":"","background-repeat":"repeat","background-position":"center center","background-size":"auto","background-attachment":"scroll","background-type":"","background-media":"","overlay-type":"","overlay-color":"","overlay-opacity":"","overlay-gradient":""},"mobile":{"background-color":"","background-image":"","background-repeat":"repeat","background-position":"center center","background-size":"auto","background-attachment":"scroll","background-type":"","background-media":"","overlay-type":"","overlay-color":"","overlay-opacity":"","overlay-gradient":""}},"ast-content-background-meta":{"desktop":{"background-color":"var(--ast-global-color-5)","background-image":"","background-repeat":"repeat","background-position":"center center","background-size":"auto","background-attachment":"scroll","background-type":"","background-media":"","overlay-type":"","overlay-color":"","overlay-opacity":"","overlay-gradient":""},"tablet":{"background-color":"var(--ast-global-color-5)","background-image":"","background-repeat":"repeat","background-position":"center center","background-size":"auto","background-attachment":"scroll","background-type":"","background-media":"","overlay-type":"","overlay-color":"","overlay-opacity":"","overlay-gradient":""},"mobile":{"background-color":"var(--ast-global-color-5)","background-image":"","background-repeat":"repeat","background-position":"center center","background-size":"auto","background-attachment":"scroll","background-type":"","background-media":"","overlay-type":"","overlay-color":"","overlay-opacity":"","overlay-gradient":""}},"footnotes":""},"class_list":["post-47","page","type-page","status-publish","hentry"],"_links":{"self":[{"href":"https:\/\/contubos.com.co\/index.php\/wp-json\/wp\/v2\/pages\/47","targetHints":{"allow":["GET"]}}],"collection":[{"href":"https:\/\/contubos.com.co\/index.php\/wp-json\/wp\/v2\/pages"}],"about":[{"href":"https:\/\/contubos.com.co\/index.php\/wp-json\/wp\/v2\/types\/page"}],"author":[{"embeddable":true,"href":"https:\/\/contubos.com.co\/index.php\/wp-json\/wp\/v2\/users\/1"}],"replies":[{"embeddable":true,"href":"https:\/\/contubos.com.co\/index.php\/wp-json\/wp\/v2\/comments?post=47"}],"version-history":[{"count":27,"href":"https:\/\/contubos.com.co\/index.php\/wp-json\/wp\/v2\/pages\/47\/revisions"}],"predecessor-version":[{"id":993,"href":"https:\/\/contubos.com.co\/index.php\/wp-json\/wp\/v2\/pages\/47\/revisions\/993"}],"wp:attachment":[{"href":"https:\/\/contubos.com.co\/index.php\/wp-json\/wp\/v2\/media?parent=47"}],"curies":[{"name":"wp","href":"https:\/\/api.w.org\/{rel}","templated":true}]}}